{"id":1905,"date":"2023-11-14T14:38:20","date_gmt":"2023-11-14T14:38:20","guid":{"rendered":"https:\/\/t1.agensium.com\/?page_id=1905"},"modified":"2023-12-04T15:07:44","modified_gmt":"2023-12-04T15:07:44","slug":"chirie-auto","status":"publish","type":"page","link":"https:\/\/900trans.md\/ru\/chirie-auto\/","title":{"rendered":"\u041f\u0440\u043e\u043a\u0430\u0442 \u0430\u0432\u0442\u043e"},"content":{"rendered":"<div data-elementor-type=\"wp-page\" data-elementor-id=\"1905\" class=\"elementor elementor-1905\">\n\t\t\t\t\t\t<section class=\"elementor-section elementor-top-section elementor-element elementor-element-0c194d5 elementor-section-stretched elementor-section-content-middle elementor-section-boxed elementor-section-height-default elementor-section-height-default\" data-id=\"0c194d5\" data-element_type=\"section\" data-e-type=\"section\" data-settings=\"{&quot;stretch_section&quot;:&quot;section-stretched&quot;,&quot;background_background&quot;:&quot;classic&quot;}\">\n\t\t\t\t\t\t<div class=\"elementor-container elementor-column-gap-custom\">\n\t\t\t\t\t<div class=\"elementor-column elementor-col-100 elementor-top-column elementor-element elementor-element-a8dcbd6\" data-id=\"a8dcbd6\" data-element_type=\"column\" data-e-type=\"column\">\n\t\t\t<div class=\"elementor-widget-wrap elementor-element-populated\">\n\t\t\t\t\t\t<div class=\"elementor-element elementor-element-65232d8 elementor-widget elementor-widget-heading\" data-id=\"65232d8\" data-element_type=\"widget\" data-e-type=\"widget\" data-widget_type=\"heading.default\">\n\t\t\t\t<div class=\"elementor-widget-container\">\n\t\t\t\t\t<h2 class=\"elementor-heading-title elementor-size-default\"><em style=\"font-family: font-size: 50px;text-transform: none;background-color: #c90422\">\u041c\u044b \u043f\u0440\u0435\u0434\u043b\u0430\u0433\u0430\u0435\u043c \u0430\u0440\u0435\u043d\u0434\u0443 \u0430\u0432\u0442\u043e\u043c\u043e\u0431\u0438\u043b\u0435\u0439<\/em><\/h2>\t\t\t\t<\/div>\n\t\t\t\t<\/div>\n\t\t\t\t<div class=\"elementor-element elementor-element-4b480fe elementor-hidden-mobile elementor-widget__width-inherit elementor-widget elementor-widget-text-editor\" data-id=\"4b480fe\" data-element_type=\"widget\" data-e-type=\"widget\" data-widget_type=\"text-editor.default\">\n\t\t\t\t<div class=\"elementor-widget-container\">\n\t\t\t\t\t\t\t\t\t<p>\u041e\u0442\u043a\u0440\u043e\u0439\u0442\u0435 \u0434\u043b\u044f \u0441\u0435\u0431\u044f \u0441\u0432\u043e\u0431\u043e\u0434\u0443 \u043f\u0443\u0442\u0435\u0448\u0435\u0441\u0442\u0432\u0438\u0439 \u0441 \u043a\u043e\u043c\u0444\u043e\u0440\u0442\u043e\u043c \u0438 \u0441\u0442\u0438\u043b\u0435\u043c \u0431\u043b\u0430\u0433\u043e\u0434\u0430\u0440\u044f \u0448\u0438\u0440\u043e\u043a\u043e\u043c\u0443 \u0432\u044b\u0431\u043e\u0440\u0443 \u0430\u0432\u0442\u043e\u043c\u043e\u0431\u0438\u043b\u0435\u0439, \u043f\u0440\u0435\u0434\u043b\u0430\u0433\u0430\u0435\u043c\u044b\u0445 \u0432 \u0430\u0440\u0435\u043d\u0434\u0443. \u041a\u0430\u043a\u0438\u043c \u0431\u044b \u043d\u0438 \u0431\u044b\u043b\u043e \u0432\u0430\u0448\u0435 \u043d\u0430\u043f\u0440\u0430\u0432\u043b\u0435\u043d\u0438\u0435 \u0438\u043b\u0438 \u043f\u043e\u0442\u0440\u0435\u0431\u043d\u043e\u0441\u0442\u0438, \u043c\u044b \u043f\u0440\u0435\u0434\u043b\u0430\u0433\u0430\u0435\u043c \u0433\u0438\u0431\u043a\u0438\u0435 \u0440\u0435\u0448\u0435\u043d\u0438\u044f, \u0447\u0442\u043e\u0431\u044b \u043f\u0440\u0435\u0432\u0440\u0430\u0442\u0438\u0442\u044c \u0432\u0430\u0448\u0438 \u043f\u0443\u0442\u0435\u0448\u0435\u0441\u0442\u0432\u0438\u044f \u0432 \u043d\u0435\u0437\u0430\u0431\u044b\u0432\u0430\u0435\u043c\u044b\u0435 \u0432\u043f\u0435\u0447\u0430\u0442\u043b\u0435\u043d\u0438\u044f. \u0421\u0432\u044f\u0436\u0438\u0442\u0435\u0441\u044c \u0441 \u043d\u0430\u043c\u0438, \u0447\u0442\u043e\u0431\u044b \u0443\u0437\u043d\u0430\u0442\u044c \u0431\u043e\u043b\u044c\u0448\u0435 \u043e \u043d\u0430\u0448\u0438\u0445 \u0432\u0430\u0440\u0438\u0430\u043d\u0442\u0430\u0445 \u0430\u0440\u0435\u043d\u0434\u044b \u0430\u0432\u0442\u043e\u043c\u043e\u0431\u0438\u043b\u0435\u0439, \u0438 \u043d\u0430\u0441\u043b\u0430\u0436\u0434\u0430\u0439\u0442\u0435\u0441\u044c \u0441\u0432\u043e\u0431\u043e\u0434\u043e\u0439 \u043f\u0443\u0442\u0435\u0448\u0435\u0441\u0442\u0432\u0438\u0439!<\/p>\t\t\t\t\t\t\t\t<\/div>\n\t\t\t\t<\/div>\n\t\t\t\t<div class=\"elementor-element elementor-element-423354a elementor-widget__width-inherit elementor-mobile-align-center elementor-align-center elementor-widget elementor-widget-text_button\" data-id=\"423354a\" data-element_type=\"widget\" data-e-type=\"widget\" data-widget_type=\"text_button.default\">\n\t\t\t\t<div class=\"elementor-widget-container\">\n\t\t\t\t\t<div class=\"etheme-button-wrapper etheme-animated etheme-animation-wobble-horizontal\"><a href=\"\/ru\/contact\/\" class=\"fill-bottom has-fill etheme-text-button elementor-button\" role=\"button\">\r\n        <span class=\"elementor-button-content-wrapper\">\r\n            \t\t\t\t<span class=\"elementor-button-icon elementor-align-icon-left animation-background_ltr\">\r\n                    <svg aria-hidden=\"true\" class=\"e-font-icon-svg e-far-credit-card\" viewbox=\"0 0 576 512\" xmlns=\"http:\/\/www.w3.org\/2000\/svg\"><path d=\"M527.9 32H48.1C21.5 32 0 53.5 0 80v352c0 26.5 21.5 48 48.1 48h479.8c26.6 0 48.1-21.5 48.1-48V80c0-26.5-21.5-48-48.1-48zM54.1 80h467.8c3.3 0 6 2.7 6 6v42H48.1V86c0-3.3 2.7-6 6-6zm467.8 352H54.1c-3.3 0-6-2.7-6-6V256h479.8v170c0 3.3-2.7 6-6 6zM192 332v40c0 6.6-5.4 12-12 12h-72c-6.6 0-12-5.4-12-12v-40c0-6.6 5.4-12 12-12h72c6.6 0 12 5.4 12 12zm192 0v40c0 6.6-5.4 12-12 12H236c-6.6 0-12-5.4-12-12v-40c0-6.6 5.4-12 12-12h136c6.6 0 12 5.4 12 12z\"><\/path><\/svg>                <\/span>\r\n\t\t\t\t\t\t<span class=\"elementor-button-text\">\u0410\u0440\u0435\u043d\u0434\u0430 \u0430\u0432\u0442\u043e\u043c\u043e\u0431\u0438\u043b\u044f<\/span>\r\n        <\/span><\/a><\/div>\t\t\t\t<\/div>\n\t\t\t\t<\/div>\n\t\t\t\t<section class=\"elementor-section elementor-inner-section elementor-element elementor-element-93753d4 elementor-section-content-middle elementor-hidden-mobile elementor-section-boxed elementor-section-height-default elementor-section-height-default\" data-id=\"93753d4\" data-element_type=\"section\" data-e-type=\"section\" data-settings=\"{&quot;background_background&quot;:&quot;classic&quot;}\">\n\t\t\t\t\t\t<div class=\"elementor-container elementor-column-gap-custom\">\n\t\t\t\t\t<div class=\"elementor-column elementor-col-100 elementor-inner-column elementor-element elementor-element-4908613\" data-id=\"4908613\" data-element_type=\"column\" data-e-type=\"column\">\n\t\t\t<div class=\"elementor-widget-wrap elementor-element-populated\">\n\t\t\t\t\t\t<div class=\"elementor-element elementor-element-bf20a2c elementor-widget elementor-widget-spacer\" data-id=\"bf20a2c\" data-element_type=\"widget\" data-e-type=\"widget\" data-widget_type=\"spacer.default\">\n\t\t\t\t<div class=\"elementor-widget-container\">\n\t\t\t\t\t\t\t<div class=\"elementor-spacer\">\n\t\t\t<div class=\"elementor-spacer-inner\"><\/div>\n\t\t<\/div>\n\t\t\t\t\t\t<\/div>\n\t\t\t\t<\/div>\n\t\t\t\t\t<\/div>\n\t\t<\/div>\n\t\t\t\t\t<\/div>\n\t\t<\/section>\n\t\t\t\t\t<\/div>\n\t\t<\/div>\n\t\t\t\t\t<\/div>\n\t\t<\/section>\n\t\t\t\t<section class=\"elementor-section elementor-top-section elementor-element elementor-element-286f34f elementor-section-stretched elementor-section-boxed elementor-section-height-default elementor-section-height-default\" data-id=\"286f34f\" data-element_type=\"section\" data-e-type=\"section\" data-settings=\"{&quot;stretch_section&quot;:&quot;section-stretched&quot;}\">\n\t\t\t\t\t\t<div class=\"elementor-container elementor-column-gap-custom\">\n\t\t\t\t\t<div class=\"elementor-column elementor-col-33 elementor-top-column elementor-element elementor-element-b2ce71a\" data-id=\"b2ce71a\" data-element_type=\"column\" data-e-type=\"column\">\n\t\t\t<div class=\"elementor-widget-wrap elementor-element-populated\">\n\t\t\t\t\t\t<div class=\"elementor-element elementor-element-5441179 elementor-widget elementor-widget-image\" data-id=\"5441179\" data-element_type=\"widget\" data-e-type=\"widget\" data-widget_type=\"image.default\">\n\t\t\t\t<div class=\"elementor-widget-container\">\n\t\t\t\t\t\t\t\t\t\t\t\t\t\t\t<img fetchpriority=\"high\" decoding=\"async\" width=\"632\" height=\"395\" src=\"https:\/\/900trans.md\/wp-content\/uploads\/elementor\/thumbs\/xstore-placeholder-r03xksl9u2kwuf2jyqlr9jc5m06hfdqnzrngiud0x4.png\" class=\"elementor-animation-shrink attachment-full size-full wp-image-1712 lazyload lazyload-simple et-lazyload-fadeIn\" alt=\"\" sizes=\"(max-width: 632px) 100vw, 632px\" data-src=\"https:\/\/900trans.md\/wp-content\/uploads\/2023\/11\/mercedes-v-class-mercedes-benz-vito-mercedes-benz-s-class-car-mercedes-removebg-preview.webp\" data-srcset=\"https:\/\/900trans.md\/wp-content\/uploads\/2023\/11\/mercedes-v-class-mercedes-benz-vito-mercedes-benz-s-class-car-mercedes-removebg-preview.webp 632w, https:\/\/900trans.md\/wp-content\/uploads\/2023\/11\/mercedes-v-class-mercedes-benz-vito-mercedes-benz-s-class-car-mercedes-removebg-preview-300x188.webp 300w, https:\/\/900trans.md\/wp-content\/uploads\/2023\/11\/mercedes-v-class-mercedes-benz-vito-mercedes-benz-s-class-car-mercedes-removebg-preview-1x1.webp 1w, https:\/\/900trans.md\/wp-content\/uploads\/2023\/11\/mercedes-v-class-mercedes-benz-vito-mercedes-benz-s-class-car-mercedes-removebg-preview-10x6.webp 10w\" \/>\t\t\t\t\t\t\t\t\t\t\t\t\t\t\t<\/div>\n\t\t\t\t<\/div>\n\t\t\t\t<div class=\"elementor-element elementor-element-28ca079 elementor-widget elementor-widget-spacer\" data-id=\"28ca079\" data-element_type=\"widget\" data-e-type=\"widget\" data-widget_type=\"spacer.default\">\n\t\t\t\t<div class=\"elementor-widget-container\">\n\t\t\t\t\t\t\t<div class=\"elementor-spacer\">\n\t\t\t<div class=\"elementor-spacer-inner\"><\/div>\n\t\t<\/div>\n\t\t\t\t\t\t<\/div>\n\t\t\t\t<\/div>\n\t\t\t\t<section class=\"elementor-section elementor-inner-section elementor-element elementor-element-5a7ff04 elementor-section-boxed elementor-section-height-default elementor-section-height-default\" data-id=\"5a7ff04\" data-element_type=\"section\" data-e-type=\"section\" data-settings=\"{&quot;background_background&quot;:&quot;classic&quot;}\">\n\t\t\t\t\t\t\t<div class=\"elementor-background-overlay\"><\/div>\n\t\t\t\t\t\t\t<div class=\"elementor-container elementor-column-gap-default\">\n\t\t\t\t\t<div class=\"elementor-column elementor-col-100 elementor-inner-column elementor-element elementor-element-e0bddb2\" data-id=\"e0bddb2\" data-element_type=\"column\" data-e-type=\"column\" data-settings=\"{&quot;background_background&quot;:&quot;classic&quot;}\">\n\t\t\t<div class=\"elementor-widget-wrap elementor-element-populated\">\n\t\t\t\t\t\t<div class=\"elementor-element elementor-element-d04c0ad elementor-widget elementor-widget-heading\" data-id=\"d04c0ad\" data-element_type=\"widget\" data-e-type=\"widget\" data-widget_type=\"heading.default\">\n\t\t\t\t<div class=\"elementor-widget-container\">\n\t\t\t\t\t<h2 class=\"elementor-heading-title elementor-size-default\">Mercedes V Class<\/h2>\t\t\t\t<\/div>\n\t\t\t\t<\/div>\n\t\t\t\t\t<\/div>\n\t\t<\/div>\n\t\t\t\t\t<\/div>\n\t\t<\/section>\n\t\t\t\t\t<\/div>\n\t\t<\/div>\n\t\t\t\t<div class=\"elementor-column elementor-col-33 elementor-top-column elementor-element elementor-element-52414ec\" data-id=\"52414ec\" data-element_type=\"column\" data-e-type=\"column\">\n\t\t\t<div class=\"elementor-widget-wrap elementor-element-populated\">\n\t\t\t\t\t\t<div class=\"elementor-element elementor-element-6c3d97d elementor-widget elementor-widget-image\" data-id=\"6c3d97d\" data-element_type=\"widget\" data-e-type=\"widget\" data-widget_type=\"image.default\">\n\t\t\t\t<div class=\"elementor-widget-container\">\n\t\t\t\t\t\t\t\t\t\t\t\t\t\t\t<img decoding=\"async\" width=\"672\" height=\"371\" src=\"https:\/\/900trans.md\/wp-content\/uploads\/elementor\/thumbs\/xstore-placeholder-r03xksla3pwswbums5vvgb76ydg492m2be92mp8bjc.png\" class=\"elementor-animation-shrink attachment-full size-full wp-image-2087 lazyload lazyload-simple et-lazyload-fadeIn\" alt=\"\" sizes=\"(max-width: 672px) 100vw, 672px\" data-src=\"https:\/\/900trans.md\/wp-content\/uploads\/2023\/11\/443-4439643_mercedes-e-class-sedan-2018-png-download-transparent-removebg-preview.webp\" data-srcset=\"https:\/\/900trans.md\/wp-content\/uploads\/2023\/11\/443-4439643_mercedes-e-class-sedan-2018-png-download-transparent-removebg-preview.webp 672w, https:\/\/900trans.md\/wp-content\/uploads\/2023\/11\/443-4439643_mercedes-e-class-sedan-2018-png-download-transparent-removebg-preview-300x166.webp 300w, https:\/\/900trans.md\/wp-content\/uploads\/2023\/11\/443-4439643_mercedes-e-class-sedan-2018-png-download-transparent-removebg-preview-1x1.webp 1w, https:\/\/900trans.md\/wp-content\/uploads\/2023\/11\/443-4439643_mercedes-e-class-sedan-2018-png-download-transparent-removebg-preview-10x6.webp 10w\" \/>\t\t\t\t\t\t\t\t\t\t\t\t\t\t\t<\/div>\n\t\t\t\t<\/div>\n\t\t\t\t<div class=\"elementor-element elementor-element-034cee7 elementor-widget elementor-widget-spacer\" data-id=\"034cee7\" data-element_type=\"widget\" data-e-type=\"widget\" data-widget_type=\"spacer.default\">\n\t\t\t\t<div class=\"elementor-widget-container\">\n\t\t\t\t\t\t\t<div class=\"elementor-spacer\">\n\t\t\t<div class=\"elementor-spacer-inner\"><\/div>\n\t\t<\/div>\n\t\t\t\t\t\t<\/div>\n\t\t\t\t<\/div>\n\t\t\t\t<section class=\"elementor-section elementor-inner-section elementor-element elementor-element-0544eed elementor-section-boxed elementor-section-height-default elementor-section-height-default\" data-id=\"0544eed\" data-element_type=\"section\" data-e-type=\"section\" data-settings=\"{&quot;background_background&quot;:&quot;classic&quot;}\">\n\t\t\t\t\t\t<div class=\"elementor-container elementor-column-gap-default\">\n\t\t\t\t\t<div class=\"elementor-column elementor-col-100 elementor-inner-column elementor-element elementor-element-1395bc2\" data-id=\"1395bc2\" data-element_type=\"column\" data-e-type=\"column\" data-settings=\"{&quot;background_background&quot;:&quot;classic&quot;}\">\n\t\t\t<div class=\"elementor-widget-wrap elementor-element-populated\">\n\t\t\t\t\t\t<div class=\"elementor-element elementor-element-dbe2559 elementor-widget elementor-widget-heading\" data-id=\"dbe2559\" data-element_type=\"widget\" data-e-type=\"widget\" data-widget_type=\"heading.default\">\n\t\t\t\t<div class=\"elementor-widget-container\">\n\t\t\t\t\t<h2 class=\"elementor-heading-title elementor-size-default\">Mercedes E Class<\/h2>\t\t\t\t<\/div>\n\t\t\t\t<\/div>\n\t\t\t\t\t<\/div>\n\t\t<\/div>\n\t\t\t\t\t<\/div>\n\t\t<\/section>\n\t\t\t\t\t<\/div>\n\t\t<\/div>\n\t\t\t\t<div class=\"elementor-column elementor-col-33 elementor-top-column elementor-element elementor-element-070a5b9\" data-id=\"070a5b9\" data-element_type=\"column\" data-e-type=\"column\">\n\t\t\t<div class=\"elementor-widget-wrap elementor-element-populated\">\n\t\t\t\t\t\t<div class=\"elementor-element elementor-element-65a0ad7 elementor-widget elementor-widget-image\" data-id=\"65a0ad7\" data-element_type=\"widget\" data-e-type=\"widget\" data-widget_type=\"image.default\">\n\t\t\t\t<div class=\"elementor-widget-container\">\n\t\t\t\t\t\t\t\t\t\t\t\t\t\t\t<img decoding=\"async\" width=\"694\" height=\"359\" src=\"https:\/\/900trans.md\/wp-content\/uploads\/elementor\/thumbs\/xstore-placeholder-r03xksla8zd3u3jrlay4a6re8e50c6d0b6xybppe20.png\" class=\"elementor-animation-shrink attachment-full size-full wp-image-1902 lazyload lazyload-simple et-lazyload-fadeIn\" alt=\"\" sizes=\"(max-width: 694px) 100vw, 694px\" data-src=\"https:\/\/900trans.md\/wp-content\/uploads\/2023\/11\/imgbin-koda-auto-koda-superb-koda-octavia-car-car-1VkrRcCzswG752LN13d1UA2pa-removebg-preview.webp\" data-srcset=\"https:\/\/900trans.md\/wp-content\/uploads\/2023\/11\/imgbin-koda-auto-koda-superb-koda-octavia-car-car-1VkrRcCzswG752LN13d1UA2pa-removebg-preview.webp 694w, https:\/\/900trans.md\/wp-content\/uploads\/2023\/11\/imgbin-koda-auto-koda-superb-koda-octavia-car-car-1VkrRcCzswG752LN13d1UA2pa-removebg-preview-300x155.webp 300w, https:\/\/900trans.md\/wp-content\/uploads\/2023\/11\/imgbin-koda-auto-koda-superb-koda-octavia-car-car-1VkrRcCzswG752LN13d1UA2pa-removebg-preview-1x1.webp 1w, https:\/\/900trans.md\/wp-content\/uploads\/2023\/11\/imgbin-koda-auto-koda-superb-koda-octavia-car-car-1VkrRcCzswG752LN13d1UA2pa-removebg-preview-10x5.webp 10w\" \/>\t\t\t\t\t\t\t\t\t\t\t\t\t\t\t<\/div>\n\t\t\t\t<\/div>\n\t\t\t\t<div class=\"elementor-element elementor-element-f939a13 elementor-widget elementor-widget-spacer\" data-id=\"f939a13\" data-element_type=\"widget\" data-e-type=\"widget\" data-widget_type=\"spacer.default\">\n\t\t\t\t<div class=\"elementor-widget-container\">\n\t\t\t\t\t\t\t<div class=\"elementor-spacer\">\n\t\t\t<div class=\"elementor-spacer-inner\"><\/div>\n\t\t<\/div>\n\t\t\t\t\t\t<\/div>\n\t\t\t\t<\/div>\n\t\t\t\t<section class=\"elementor-section elementor-inner-section elementor-element elementor-element-b51f505 elementor-section-height-min-height elementor-section-boxed elementor-section-height-default\" data-id=\"b51f505\" data-element_type=\"section\" data-e-type=\"section\" data-settings=\"{&quot;background_background&quot;:&quot;classic&quot;}\">\n\t\t\t\t\t\t<div class=\"elementor-container elementor-column-gap-default\">\n\t\t\t\t\t<div class=\"elementor-column elementor-col-100 elementor-inner-column elementor-element elementor-element-dd4edf2\" data-id=\"dd4edf2\" data-element_type=\"column\" data-e-type=\"column\" data-settings=\"{&quot;background_background&quot;:&quot;classic&quot;}\">\n\t\t\t<div class=\"elementor-widget-wrap elementor-element-populated\">\n\t\t\t\t\t\t<div class=\"elementor-element elementor-element-e952610 elementor-widget elementor-widget-heading\" data-id=\"e952610\" data-element_type=\"widget\" data-e-type=\"widget\" data-widget_type=\"heading.default\">\n\t\t\t\t<div class=\"elementor-widget-container\">\n\t\t\t\t\t<h2 class=\"elementor-heading-title elementor-size-default\">Skoda Octavia<\/h2>\t\t\t\t<\/div>\n\t\t\t\t<\/div>\n\t\t\t\t\t<\/div>\n\t\t<\/div>\n\t\t\t\t\t<\/div>\n\t\t<\/section>\n\t\t\t\t\t<\/div>\n\t\t<\/div>\n\t\t\t\t\t<\/div>\n\t\t<\/section>\n\t\t\t\t<section class=\"elementor-section elementor-top-section elementor-element elementor-element-f92f315 elementor-section-stretched elementor-section-boxed elementor-section-height-default elementor-section-height-default\" data-id=\"f92f315\" data-element_type=\"section\" data-e-type=\"section\" data-settings=\"{&quot;stretch_section&quot;:&quot;section-stretched&quot;}\">\n\t\t\t\t\t\t<div class=\"elementor-container elementor-column-gap-custom\">\n\t\t\t\t\t<div class=\"elementor-column elementor-col-33 elementor-top-column elementor-element elementor-element-57f56a2\" data-id=\"57f56a2\" data-element_type=\"column\" data-e-type=\"column\">\n\t\t\t<div class=\"elementor-widget-wrap elementor-element-populated\">\n\t\t\t\t\t\t<div class=\"elementor-element elementor-element-3ee9632 elementor-widget elementor-widget-image\" data-id=\"3ee9632\" data-element_type=\"widget\" data-e-type=\"widget\" data-widget_type=\"image.default\">\n\t\t\t\t<div class=\"elementor-widget-container\">\n\t\t\t\t\t\t\t\t\t\t\t\t\t\t\t<img loading=\"lazy\" decoding=\"async\" width=\"550\" height=\"362\" src=\"https:\/\/900trans.md\/wp-content\/uploads\/elementor\/thumbs\/xstore-placeholder-r03xksl9qka1jwlsrb89dmaorbpw1b8pbwive61n8o.png\" class=\"elementor-animation-shrink attachment-full size-full wp-image-1903 lazyload lazyload-simple et-lazyload-fadeIn\" alt=\"\" sizes=\"(max-width: 550px) 100vw, 550px\" data-src=\"https:\/\/900trans.md\/wp-content\/uploads\/2023\/11\/35120-1-lincoln-mkz-photo-removebg-preview.webp\" data-srcset=\"https:\/\/900trans.md\/wp-content\/uploads\/2023\/11\/35120-1-lincoln-mkz-photo-removebg-preview.webp 550w, https:\/\/900trans.md\/wp-content\/uploads\/2023\/11\/35120-1-lincoln-mkz-photo-removebg-preview-300x197.webp 300w, https:\/\/900trans.md\/wp-content\/uploads\/2023\/11\/35120-1-lincoln-mkz-photo-removebg-preview-1x1.webp 1w, https:\/\/900trans.md\/wp-content\/uploads\/2023\/11\/35120-1-lincoln-mkz-photo-removebg-preview-10x7.webp 10w\" \/>\t\t\t\t\t\t\t\t\t\t\t\t\t\t\t<\/div>\n\t\t\t\t<\/div>\n\t\t\t\t<div class=\"elementor-element elementor-element-e744d91 elementor-widget elementor-widget-spacer\" data-id=\"e744d91\" data-element_type=\"widget\" data-e-type=\"widget\" data-widget_type=\"spacer.default\">\n\t\t\t\t<div class=\"elementor-widget-container\">\n\t\t\t\t\t\t\t<div class=\"elementor-spacer\">\n\t\t\t<div class=\"elementor-spacer-inner\"><\/div>\n\t\t<\/div>\n\t\t\t\t\t\t<\/div>\n\t\t\t\t<\/div>\n\t\t\t\t<section class=\"elementor-section elementor-inner-section elementor-element elementor-element-808032b elementor-section-boxed elementor-section-height-default elementor-section-height-default\" data-id=\"808032b\" data-element_type=\"section\" data-e-type=\"section\" data-settings=\"{&quot;background_background&quot;:&quot;classic&quot;}\">\n\t\t\t\t\t\t<div class=\"elementor-container elementor-column-gap-default\">\n\t\t\t\t\t<div class=\"elementor-column elementor-col-100 elementor-inner-column elementor-element elementor-element-90fec5e\" data-id=\"90fec5e\" data-element_type=\"column\" data-e-type=\"column\" data-settings=\"{&quot;background_background&quot;:&quot;classic&quot;}\">\n\t\t\t<div class=\"elementor-widget-wrap elementor-element-populated\">\n\t\t\t\t\t\t<div class=\"elementor-element elementor-element-f1600fc elementor-widget elementor-widget-heading\" data-id=\"f1600fc\" data-element_type=\"widget\" data-e-type=\"widget\" data-widget_type=\"heading.default\">\n\t\t\t\t<div class=\"elementor-widget-container\">\n\t\t\t\t\t<h2 class=\"elementor-heading-title elementor-size-default\">Lincoln MKZ <\/h2>\t\t\t\t<\/div>\n\t\t\t\t<\/div>\n\t\t\t\t\t<\/div>\n\t\t<\/div>\n\t\t\t\t\t<\/div>\n\t\t<\/section>\n\t\t\t\t\t<\/div>\n\t\t<\/div>\n\t\t\t\t<div class=\"elementor-column elementor-col-33 elementor-top-column elementor-element elementor-element-9c5da1f\" data-id=\"9c5da1f\" data-element_type=\"column\" data-e-type=\"column\">\n\t\t\t<div class=\"elementor-widget-wrap elementor-element-populated\">\n\t\t\t\t\t\t<div class=\"elementor-element elementor-element-ee66270 elementor-widget elementor-widget-image\" data-id=\"ee66270\" data-element_type=\"widget\" data-e-type=\"widget\" data-widget_type=\"image.default\">\n\t\t\t\t<div class=\"elementor-widget-container\">\n\t\t\t\t\t\t\t\t\t\t\t\t\t\t\t<img loading=\"lazy\" decoding=\"async\" width=\"577\" height=\"433\" src=\"https:\/\/900trans.md\/wp-content\/uploads\/xstore\/xstore-placeholder.png\" class=\"elementor-animation-shrink attachment-full size-full wp-image-1904 lazyload lazyload-simple et-lazyload-fadeIn\" alt=\"\" sizes=\"(max-width: 577px) 100vw, 577px\" data-src=\"https:\/\/900trans.md\/wp-content\/uploads\/2023\/11\/png-clipart-2018-bmw-5-series-car-2019-bmw-5-series-2017-bmw-5-series-bmw-compact-car-sedan-removebg-preview.webp\" data-srcset=\"https:\/\/900trans.md\/wp-content\/uploads\/2023\/11\/png-clipart-2018-bmw-5-series-car-2019-bmw-5-series-2017-bmw-5-series-bmw-compact-car-sedan-removebg-preview.webp 577w, https:\/\/900trans.md\/wp-content\/uploads\/2023\/11\/png-clipart-2018-bmw-5-series-car-2019-bmw-5-series-2017-bmw-5-series-bmw-compact-car-sedan-removebg-preview-300x225.webp 300w, https:\/\/900trans.md\/wp-content\/uploads\/2023\/11\/png-clipart-2018-bmw-5-series-car-2019-bmw-5-series-2017-bmw-5-series-bmw-compact-car-sedan-removebg-preview-1x1.webp 1w, https:\/\/900trans.md\/wp-content\/uploads\/2023\/11\/png-clipart-2018-bmw-5-series-car-2019-bmw-5-series-2017-bmw-5-series-bmw-compact-car-sedan-removebg-preview-10x8.webp 10w\" \/>\t\t\t\t\t\t\t\t\t\t\t\t\t\t\t<\/div>\n\t\t\t\t<\/div>\n\t\t\t\t<div class=\"elementor-element elementor-element-d000294 elementor-widget elementor-widget-spacer\" data-id=\"d000294\" data-element_type=\"widget\" data-e-type=\"widget\" data-widget_type=\"spacer.default\">\n\t\t\t\t<div class=\"elementor-widget-container\">\n\t\t\t\t\t\t\t<div class=\"elementor-spacer\">\n\t\t\t<div class=\"elementor-spacer-inner\"><\/div>\n\t\t<\/div>\n\t\t\t\t\t\t<\/div>\n\t\t\t\t<\/div>\n\t\t\t\t<section class=\"elementor-section elementor-inner-section elementor-element elementor-element-3d31ac0 elementor-section-boxed elementor-section-height-default elementor-section-height-default\" data-id=\"3d31ac0\" data-element_type=\"section\" data-e-type=\"section\" data-settings=\"{&quot;background_background&quot;:&quot;classic&quot;}\">\n\t\t\t\t\t\t<div class=\"elementor-container elementor-column-gap-default\">\n\t\t\t\t\t<div class=\"elementor-column elementor-col-100 elementor-inner-column elementor-element elementor-element-846498d\" data-id=\"846498d\" data-element_type=\"column\" data-e-type=\"column\" data-settings=\"{&quot;background_background&quot;:&quot;classic&quot;}\">\n\t\t\t<div class=\"elementor-widget-wrap elementor-element-populated\">\n\t\t\t\t\t\t<div class=\"elementor-element elementor-element-ccef7ae elementor-widget elementor-widget-heading\" data-id=\"ccef7ae\" data-element_type=\"widget\" data-e-type=\"widget\" data-widget_type=\"heading.default\">\n\t\t\t\t<div class=\"elementor-widget-container\">\n\t\t\t\t\t<h2 class=\"elementor-heading-title elementor-size-default\">BMW Seria 5 <\/h2>\t\t\t\t<\/div>\n\t\t\t\t<\/div>\n\t\t\t\t\t<\/div>\n\t\t<\/div>\n\t\t\t\t\t<\/div>\n\t\t<\/section>\n\t\t\t\t\t<\/div>\n\t\t<\/div>\n\t\t\t\t<div class=\"elementor-column elementor-col-33 elementor-top-column elementor-element elementor-element-f8f3036\" data-id=\"f8f3036\" data-element_type=\"column\" data-e-type=\"column\">\n\t\t\t<div class=\"elementor-widget-wrap\">\n\t\t\t\t\t\t\t<\/div>\n\t\t<\/div>\n\t\t\t\t\t<\/div>\n\t\t<\/section>\n\t\t\t\t<\/div>","protected":false},"excerpt":{"rendered":"<p>Oferim chirie&nbsp; automobile Descoper\u0103 libertatea de a c\u0103l\u0103tori \u00een confort \u0219i stil cu gama noastr\u0103 variat\u0103 de automobile disponibile pentru \u00eenchiriere. Indiferent de destina\u021bie sau&#8230;<\/p>","protected":false},"author":1,"featured_media":0,"parent":0,"menu_order":0,"comment_status":"closed","ping_status":"closed","template":"","meta":{"footnotes":""},"class_list":["post-1905","page","type-page","status-publish","hentry"],"_links":{"self":[{"href":"https:\/\/900trans.md\/ru\/wp-json\/wp\/v2\/pages\/1905","targetHints":{"allow":["GET"]}}],"collection":[{"href":"https:\/\/900trans.md\/ru\/wp-json\/wp\/v2\/pages"}],"about":[{"href":"https:\/\/900trans.md\/ru\/wp-json\/wp\/v2\/types\/page"}],"author":[{"embeddable":true,"href":"https:\/\/900trans.md\/ru\/wp-json\/wp\/v2\/users\/1"}],"replies":[{"embeddable":true,"href":"https:\/\/900trans.md\/ru\/wp-json\/wp\/v2\/comments?post=1905"}],"version-history":[{"count":19,"href":"https:\/\/900trans.md\/ru\/wp-json\/wp\/v2\/pages\/1905\/revisions"}],"predecessor-version":[{"id":2168,"href":"https:\/\/900trans.md\/ru\/wp-json\/wp\/v2\/pages\/1905\/revisions\/2168"}],"wp:attachment":[{"href":"https:\/\/900trans.md\/ru\/wp-json\/wp\/v2\/media?parent=1905"}],"curies":[{"name":"wp","href":"https:\/\/api.w.org\/{rel}","templated":true}]}}